{"id":65,"date":"2023-09-07T13:26:46","date_gmt":"2023-09-07T13:26:46","guid":{"rendered":"https:\/\/ankasutarim.com\/?page_id=65"},"modified":"2025-08-28T09:28:00","modified_gmt":"2025-08-28T09:28:00","slug":"products","status":"publish","type":"page","link":"https:\/\/ballipinartarim.com\/en\/products\/","title":{"rendered":"Products"},"content":{"rendered":"[vc_row type=&#8221;in_container&#8221; full_screen_row_position=&#8221;middle&#8221; column_margin=&#8221;default&#8221; column_direction=&#8221;default&#8221; column_direction_tablet=&#8221;default&#8221; column_direction_phone=&#8221;default&#8221; scene_position=&#8221;center&#8221; text_color=&#8221;dark&#8221; text_align=&#8221;left&#8221; row_border_radius=&#8221;none&#8221; row_border_radius_applies=&#8221;bg&#8221; overflow=&#8221;visible&#8221; overlay_strength=&#8221;0.3&#8243; gradient_direction=&#8221;left_to_right&#8221; shape_divider_position=&#8221;bottom&#8221; bg_image_animation=&#8221;none&#8221;][vc_column column_padding=&#8221;no-extra-padding&#8221; column_padding_tablet=&#8221;inherit&#8221; column_padding_phone=&#8221;inherit&#8221; column_padding_position=&#8221;all&#8221; column_element_direction_desktop=&#8221;default&#8221; column_element_spacing=&#8221;default&#8221; desktop_text_alignment=&#8221;default&#8221; tablet_text_alignment=&#8221;default&#8221; phone_text_alignment=&#8221;default&#8221; background_color_opacity=&#8221;1&#8243; background_hover_color_opacity=&#8221;1&#8243; column_backdrop_filter=&#8221;none&#8221; column_shadow=&#8221;none&#8221; column_border_radius=&#8221;none&#8221; column_link_target=&#8221;_self&#8221; column_position=&#8221;default&#8221; gradient_direction=&#8221;left_to_right&#8221; overlay_strength=&#8221;0.3&#8243; width=&#8221;1\/1&#8243; tablet_width_inherit=&#8221;default&#8221; animation_type=&#8221;default&#8221; bg_image_animation=&#8221;none&#8221; border_type=&#8221;simple&#8221; column_border_width=&#8221;none&#8221; column_border_style=&#8221;solid&#8221;][nectar_post_grid post_type=&#8221;portfolio&#8221; portfolio_category=&#8221;urunler&#8221; order=&#8221;DESC&#8221; orderby=&#8221;date&#8221; pagination=&#8221;none&#8221; columns=&#8221;4&#8243; grid_item_spacing=&#8221;10px&#8221; grid_item_height=&#8221;50vh&#8221; image_size=&#8221;large&#8221; image_loading=&#8221;default&#8221; animation=&#8221;none&#8221; heading_tag=&#8221;h2&#8243; display_categories=&#8221;yes&#8221; category_functionality=&#8221;static&#8221; category_position=&#8221;default&#8221; display_excerpt=&#8221;yes&#8221; grid_style=&#8221;content_overlaid&#8221; text_content_layout=&#8221;all_bottom_left&#8221; color_overlay=&#8221;#000000&#8243; color_overlay_opacity=&#8221;0.3&#8243; color_overlay_hover_opacity=&#8221;0.4&#8243; text_color=&#8221;light&#8221; text_color_hover=&#8221;light&#8221; text_opacity=&#8221;1&#8243; text_hover_opacity=&#8221;1&#8243; hover_effect=&#8221;zoom&#8221; border_radius=&#8221;10px&#8221; shadow_on_hover=&#8221;yes&#8221; posts_per_page=&#8221;50&#8243;][\/vc_column][\/vc_row]\n","protected":false},"excerpt":{"rendered":"<p>[vc_row type=&#8221;in_container&#8221; full_screen_row_position=&#8221;middle&#8221; column_margin=&#8221;default&#8221; column_direction=&#8221;default&#8221; column_direction_tablet=&#8221;default&#8221; column_direction_phone=&#8221;default&#8221; scene_position=&#8221;center&#8221; text_color=&#8221;dark&#8221; text_align=&#8221;left&#8221; row_border_radius=&#8221;none&#8221; row_border_radius_applies=&#8221;bg&#8221; overflow=&#8221;visible&#8221; overlay_strength=&#8221;0.3&#8243; gradient_direction=&#8221;left_to_right&#8221; shape_divider_position=&#8221;bottom&#8221; bg_image_animation=&#8221;none&#8221;][vc_column column_padding=&#8221;no-extra-padding&#8221; column_padding_tablet=&#8221;inherit&#8221; column_padding_phone=&#8221;inherit&#8221; column_padding_position=&#8221;all&#8221; column_element_direction_desktop=&#8221;default&#8221; column_element_spacing=&#8221;default&#8221; desktop_text_alignment=&#8221;default&#8221; tablet_text_alignment=&#8221;default&#8221; phone_text_alignment=&#8221;default&#8221; background_color_opacity=&#8221;1&#8243; background_hover_color_opacity=&#8221;1&#8243; column_backdrop_filter=&#8221;none&#8221; column_shadow=&#8221;none&#8221;&#8230;<\/p>\n","protected":false},"author":1,"featured_media":0,"parent":0,"menu_order":0,"comment_status":"closed","ping_status":"closed","template":"","meta":{"footnotes":""},"class_list":["post-65","page","type-page","status-publish"],"yoast_head":"<!-- This site is optimized with the Yoast SEO plugin v25.7 - https:\/\/yoast.com\/wordpress\/plugins\/seo\/ -->\n<title>Products - Ball\u0131p\u0131nar Agriculture<\/title>\n<meta name=\"robots\" content=\"index, follow, max-snippet:-1, max-image-preview:large, max-video-preview:-1\" \/>\n<link rel=\"canonical\" href=\"https:\/\/ballipinartarim.com\/en\/products\/\" \/>\n<meta property=\"og:locale\" content=\"tr_TR\" \/>\n<meta property=\"og:type\" content=\"article\" \/>\n<meta property=\"og:title\" content=\"Products - Ball\u0131p\u0131nar Agriculture\" \/>\n<meta property=\"og:description\" content=\"[vc_row type=&#8221;in_container&#8221; full_screen_row_position=&#8221;middle&#8221; column_margin=&#8221;default&#8221; column_direction=&#8221;default&#8221; column_direction_tablet=&#8221;default&#8221; column_direction_phone=&#8221;default&#8221; scene_position=&#8221;center&#8221; text_color=&#8221;dark&#8221; text_align=&#8221;left&#8221; row_border_radius=&#8221;none&#8221; row_border_radius_applies=&#8221;bg&#8221; overflow=&#8221;visible&#8221; overlay_strength=&#8221;0.3&#8243; gradient_direction=&#8221;left_to_right&#8221; shape_divider_position=&#8221;bottom&#8221; bg_image_animation=&#8221;none&#8221;][vc_column column_padding=&#8221;no-extra-padding&#8221; column_padding_tablet=&#8221;inherit&#8221; column_padding_phone=&#8221;inherit&#8221; column_padding_position=&#8221;all&#8221; column_element_direction_desktop=&#8221;default&#8221; column_element_spacing=&#8221;default&#8221; desktop_text_alignment=&#8221;default&#8221; tablet_text_alignment=&#8221;default&#8221; phone_text_alignment=&#8221;default&#8221; background_color_opacity=&#8221;1&#8243; background_hover_color_opacity=&#8221;1&#8243; column_backdrop_filter=&#8221;none&#8221; column_shadow=&#8221;none&#8221;...\" \/>\n<meta property=\"og:url\" content=\"https:\/\/ballipinartarim.com\/en\/products\/\" \/>\n<meta property=\"og:site_name\" content=\"Ball\u0131p\u0131nar Agriculture\" \/>\n<meta property=\"article:publisher\" content=\"http:\/\/www.facebook.com\/ballipinargrup\" \/>\n<meta property=\"article:modified_time\" content=\"2025-08-28T09:28:00+00:00\" \/>\n<meta property=\"og:image\" content=\"https:\/\/ballipinartarim.com\/en\/wp-content\/uploads\/2025\/08\/ballipinar-logo-splash.webp\" \/>\n\t<meta property=\"og:image:width\" content=\"512\" \/>\n\t<meta property=\"og:image:height\" content=\"512\" \/>\n\t<meta property=\"og:image:type\" content=\"image\/webp\" \/>\n<meta name=\"twitter:card\" content=\"summary_large_image\" \/>\n<meta name=\"twitter:site\" content=\"@ballipinargrup\" \/>\n<script type=\"application\/ld+json\" class=\"yoast-schema-graph\">{\"@context\":\"https:\/\/schema.org\",\"@graph\":[{\"@type\":\"WebPage\",\"@id\":\"https:\/\/ballipinartarim.com\/en\/products\/\",\"url\":\"https:\/\/ballipinartarim.com\/en\/products\/\",\"name\":\"Products - Ball\u0131p\u0131nar Agriculture\",\"isPartOf\":{\"@id\":\"https:\/\/ballipinartarim.com\/en\/#website\"},\"datePublished\":\"2023-09-07T13:26:46+00:00\",\"dateModified\":\"2025-08-28T09:28:00+00:00\",\"breadcrumb\":{\"@id\":\"https:\/\/ballipinartarim.com\/en\/products\/#breadcrumb\"},\"inLanguage\":\"tr\",\"potentialAction\":[{\"@type\":\"ReadAction\",\"target\":[\"https:\/\/ballipinartarim.com\/en\/products\/\"]}]},{\"@type\":\"BreadcrumbList\",\"@id\":\"https:\/\/ballipinartarim.com\/en\/products\/#breadcrumb\",\"itemListElement\":[{\"@type\":\"ListItem\",\"position\":1,\"name\":\"Anasayfa\",\"item\":\"https:\/\/ballipinartarim.com\/en\/\"},{\"@type\":\"ListItem\",\"position\":2,\"name\":\"Products\"}]},{\"@type\":\"WebSite\",\"@id\":\"https:\/\/ballipinartarim.com\/en\/#website\",\"url\":\"https:\/\/ballipinartarim.com\/en\/\",\"name\":\"Ball\u0131p\u0131nar Tar\u0131m\",\"description\":\"\",\"publisher\":{\"@id\":\"https:\/\/ballipinartarim.com\/en\/#organization\"},\"potentialAction\":[{\"@type\":\"SearchAction\",\"target\":{\"@type\":\"EntryPoint\",\"urlTemplate\":\"https:\/\/ballipinartarim.com\/en\/?s={search_term_string}\"},\"query-input\":{\"@type\":\"PropertyValueSpecification\",\"valueRequired\":true,\"valueName\":\"search_term_string\"}}],\"inLanguage\":\"tr\"},{\"@type\":\"Organization\",\"@id\":\"https:\/\/ballipinartarim.com\/en\/#organization\",\"name\":\"Ball\u0131p\u0131nar Tar\u0131m\",\"alternateName\":\"Ball\u0131p\u0131nar Grup\",\"url\":\"https:\/\/ballipinartarim.com\/en\/\",\"logo\":{\"@type\":\"ImageObject\",\"inLanguage\":\"tr\",\"@id\":\"https:\/\/ballipinartarim.com\/en\/#\/schema\/logo\/image\/\",\"url\":\"https:\/\/ballipinartarim.com\/en\/wp-content\/uploads\/2025\/08\/ballipinar-logo-splash.webp\",\"contentUrl\":\"https:\/\/ballipinartarim.com\/en\/wp-content\/uploads\/2025\/08\/ballipinar-logo-splash.webp\",\"width\":512,\"height\":512,\"caption\":\"Ball\u0131p\u0131nar Tar\u0131m\"},\"image\":{\"@id\":\"https:\/\/ballipinartarim.com\/en\/#\/schema\/logo\/image\/\"},\"sameAs\":[\"http:\/\/www.facebook.com\/ballipinargrup\",\"https:\/\/x.com\/ballipinargrup\",\"http:\/\/www.instagram.com\/ballipinargrup\",\"https:\/\/www.linkedin.com\/company\/ballipinar\/\"]}]}<\/script>\n<!-- \/ Yoast SEO plugin. -->","yoast_head_json":{"title":"Products - Ball\u0131p\u0131nar Agriculture","robots":{"index":"index","follow":"follow","max-snippet":"max-snippet:-1","max-image-preview":"max-image-preview:large","max-video-preview":"max-video-preview:-1"},"canonical":"https:\/\/ballipinartarim.com\/en\/products\/","og_locale":"tr_TR","og_type":"article","og_title":"Products - Ball\u0131p\u0131nar Agriculture","og_description":"[vc_row type=&#8221;in_container&#8221; full_screen_row_position=&#8221;middle&#8221; column_margin=&#8221;default&#8221; column_direction=&#8221;default&#8221; column_direction_tablet=&#8221;default&#8221; column_direction_phone=&#8221;default&#8221; scene_position=&#8221;center&#8221; text_color=&#8221;dark&#8221; text_align=&#8221;left&#8221; row_border_radius=&#8221;none&#8221; row_border_radius_applies=&#8221;bg&#8221; overflow=&#8221;visible&#8221; overlay_strength=&#8221;0.3&#8243; gradient_direction=&#8221;left_to_right&#8221; shape_divider_position=&#8221;bottom&#8221; bg_image_animation=&#8221;none&#8221;][vc_column column_padding=&#8221;no-extra-padding&#8221; column_padding_tablet=&#8221;inherit&#8221; column_padding_phone=&#8221;inherit&#8221; column_padding_position=&#8221;all&#8221; column_element_direction_desktop=&#8221;default&#8221; column_element_spacing=&#8221;default&#8221; desktop_text_alignment=&#8221;default&#8221; tablet_text_alignment=&#8221;default&#8221; phone_text_alignment=&#8221;default&#8221; background_color_opacity=&#8221;1&#8243; background_hover_color_opacity=&#8221;1&#8243; column_backdrop_filter=&#8221;none&#8221; column_shadow=&#8221;none&#8221;...","og_url":"https:\/\/ballipinartarim.com\/en\/products\/","og_site_name":"Ball\u0131p\u0131nar Agriculture","article_publisher":"http:\/\/www.facebook.com\/ballipinargrup","article_modified_time":"2025-08-28T09:28:00+00:00","og_image":[{"width":512,"height":512,"url":"https:\/\/ballipinartarim.com\/en\/wp-content\/uploads\/2025\/08\/ballipinar-logo-splash.webp","type":"image\/webp"}],"twitter_card":"summary_large_image","twitter_site":"@ballipinargrup","schema":{"@context":"https:\/\/schema.org","@graph":[{"@type":"WebPage","@id":"https:\/\/ballipinartarim.com\/en\/products\/","url":"https:\/\/ballipinartarim.com\/en\/products\/","name":"Products - Ball\u0131p\u0131nar Agriculture","isPartOf":{"@id":"https:\/\/ballipinartarim.com\/en\/#website"},"datePublished":"2023-09-07T13:26:46+00:00","dateModified":"2025-08-28T09:28:00+00:00","breadcrumb":{"@id":"https:\/\/ballipinartarim.com\/en\/products\/#breadcrumb"},"inLanguage":"tr","potentialAction":[{"@type":"ReadAction","target":["https:\/\/ballipinartarim.com\/en\/products\/"]}]},{"@type":"BreadcrumbList","@id":"https:\/\/ballipinartarim.com\/en\/products\/#breadcrumb","itemListElement":[{"@type":"ListItem","position":1,"name":"Anasayfa","item":"https:\/\/ballipinartarim.com\/en\/"},{"@type":"ListItem","position":2,"name":"Products"}]},{"@type":"WebSite","@id":"https:\/\/ballipinartarim.com\/en\/#website","url":"https:\/\/ballipinartarim.com\/en\/","name":"Ball\u0131p\u0131nar Tar\u0131m","description":"","publisher":{"@id":"https:\/\/ballipinartarim.com\/en\/#organization"},"potentialAction":[{"@type":"SearchAction","target":{"@type":"EntryPoint","urlTemplate":"https:\/\/ballipinartarim.com\/en\/?s={search_term_string}"},"query-input":{"@type":"PropertyValueSpecification","valueRequired":true,"valueName":"search_term_string"}}],"inLanguage":"tr"},{"@type":"Organization","@id":"https:\/\/ballipinartarim.com\/en\/#organization","name":"Ball\u0131p\u0131nar Tar\u0131m","alternateName":"Ball\u0131p\u0131nar Grup","url":"https:\/\/ballipinartarim.com\/en\/","logo":{"@type":"ImageObject","inLanguage":"tr","@id":"https:\/\/ballipinartarim.com\/en\/#\/schema\/logo\/image\/","url":"https:\/\/ballipinartarim.com\/en\/wp-content\/uploads\/2025\/08\/ballipinar-logo-splash.webp","contentUrl":"https:\/\/ballipinartarim.com\/en\/wp-content\/uploads\/2025\/08\/ballipinar-logo-splash.webp","width":512,"height":512,"caption":"Ball\u0131p\u0131nar Tar\u0131m"},"image":{"@id":"https:\/\/ballipinartarim.com\/en\/#\/schema\/logo\/image\/"},"sameAs":["http:\/\/www.facebook.com\/ballipinargrup","https:\/\/x.com\/ballipinargrup","http:\/\/www.instagram.com\/ballipinargrup","https:\/\/www.linkedin.com\/company\/ballipinar\/"]}]}},"_links":{"self":[{"href":"https:\/\/ballipinartarim.com\/en\/wp-json\/wp\/v2\/pages\/65","targetHints":{"allow":["GET"]}}],"collection":[{"href":"https:\/\/ballipinartarim.com\/en\/wp-json\/wp\/v2\/pages"}],"about":[{"href":"https:\/\/ballipinartarim.com\/en\/wp-json\/wp\/v2\/types\/page"}],"author":[{"embeddable":true,"href":"https:\/\/ballipinartarim.com\/en\/wp-json\/wp\/v2\/users\/1"}],"replies":[{"embeddable":true,"href":"https:\/\/ballipinartarim.com\/en\/wp-json\/wp\/v2\/comments?post=65"}],"version-history":[{"count":7,"href":"https:\/\/ballipinartarim.com\/en\/wp-json\/wp\/v2\/pages\/65\/revisions"}],"predecessor-version":[{"id":341,"href":"https:\/\/ballipinartarim.com\/en\/wp-json\/wp\/v2\/pages\/65\/revisions\/341"}],"wp:attachment":[{"href":"https:\/\/ballipinartarim.com\/en\/wp-json\/wp\/v2\/media?parent=65"}],"curies":[{"name":"wp","href":"https:\/\/api.w.org\/{rel}","templated":true}]}}