{"id":42,"date":"2023-09-07T12:34:48","date_gmt":"2023-09-07T12:34:48","guid":{"rendered":"https:\/\/ankasutarim.com\/?page_id=42"},"modified":"2025-08-28T09:28:21","modified_gmt":"2025-08-28T09:28:21","slug":"duyurular","status":"publish","type":"page","link":"https:\/\/ballipinartarim.com\/en\/duyurular\/","title":{"rendered":"Announcements"},"content":{"rendered":"[vc_row type=&#8221;in_container&#8221; full_screen_row_position=&#8221;middle&#8221; column_margin=&#8221;default&#8221; column_direction=&#8221;default&#8221; column_direction_tablet=&#8221;default&#8221; column_direction_phone=&#8221;default&#8221; scene_position=&#8221;center&#8221; text_color=&#8221;dark&#8221; text_align=&#8221;left&#8221; row_border_radius=&#8221;none&#8221; row_border_radius_applies=&#8221;bg&#8221; overflow=&#8221;visible&#8221; overlay_strength=&#8221;0.3&#8243; gradient_direction=&#8221;left_to_right&#8221; shape_divider_position=&#8221;bottom&#8221; bg_image_animation=&#8221;none&#8221;][vc_column column_padding=&#8221;no-extra-padding&#8221; column_padding_tablet=&#8221;inherit&#8221; column_padding_phone=&#8221;inherit&#8221; column_padding_position=&#8221;all&#8221; column_element_direction_desktop=&#8221;default&#8221; column_element_spacing=&#8221;default&#8221; desktop_text_alignment=&#8221;default&#8221; tablet_text_alignment=&#8221;default&#8221; phone_text_alignment=&#8221;default&#8221; background_color_opacity=&#8221;1&#8243; background_hover_color_opacity=&#8221;1&#8243; column_backdrop_filter=&#8221;none&#8221; column_shadow=&#8221;none&#8221; column_border_radius=&#8221;none&#8221; column_link_target=&#8221;_self&#8221; column_position=&#8221;default&#8221; gradient_direction=&#8221;left_to_right&#8221; overlay_strength=&#8221;0.3&#8243; width=&#8221;1\/1&#8243; tablet_width_inherit=&#8221;default&#8221; animation_type=&#8221;default&#8221; bg_image_animation=&#8221;none&#8221; border_type=&#8221;simple&#8221; column_border_width=&#8221;none&#8221; column_border_style=&#8221;solid&#8221;]\t\t\t\t\n\t\t\t\t\n\t\t\t\t\n\t\t\t\t<div class=\"portfolio-wrap \">\n\t\t\t\t\t\n\t\t\t\t\t\t\t\t\t\t\n\t\t\t\t\t<span class=\"portfolio-loading  none\">   <\/span>\n\t\t\t\t\t\n\t\t\t\t\t\t\t\t\t\t\n\t\t\t\t\t<div class=\"row portfolio-items no-masonry  \" data-rcp=\"false\" data-masonry-type=\"default\" data-ps=\"6\" data-starting-filter=\"\" data-gutter=\"default\" data-categories-to-show=\"hizmetlerimiz\" data-bypass-cropping=\"\" data-lightbox-only=\"0\" data-col-num=\"cols-2\">\n\t\t\t\t\t\t\t\t\t\t\t\n\t\t\t\t<\/div><!--\/portfolio-->\n\t\t\t<\/div><!--\/portfolio wrap-->\n\t\t\t\n\t\t\t[\/vc_column][\/vc_row]\n","protected":false},"excerpt":{"rendered":"<p>[vc_row type=&#8221;in_container&#8221; full_screen_row_position=&#8221;middle&#8221; column_margin=&#8221;default&#8221; column_direction=&#8221;default&#8221; column_direction_tablet=&#8221;default&#8221; column_direction_phone=&#8221;default&#8221; scene_position=&#8221;center&#8221; text_color=&#8221;dark&#8221; text_align=&#8221;left&#8221; row_border_radius=&#8221;none&#8221; row_border_radius_applies=&#8221;bg&#8221; overflow=&#8221;visible&#8221; overlay_strength=&#8221;0.3&#8243; gradient_direction=&#8221;left_to_right&#8221; shape_divider_position=&#8221;bottom&#8221; bg_image_animation=&#8221;none&#8221;][vc_column column_padding=&#8221;no-extra-padding&#8221; column_padding_tablet=&#8221;inherit&#8221; column_padding_phone=&#8221;inherit&#8221; column_padding_position=&#8221;all&#8221; column_element_direction_desktop=&#8221;default&#8221; column_element_spacing=&#8221;default&#8221; desktop_text_alignment=&#8221;default&#8221; tablet_text_alignment=&#8221;default&#8221; phone_text_alignment=&#8221;default&#8221; background_color_opacity=&#8221;1&#8243; background_hover_color_opacity=&#8221;1&#8243; column_backdrop_filter=&#8221;none&#8221; column_shadow=&#8221;none&#8221;&#8230;<\/p>\n","protected":false},"author":1,"featured_media":0,"parent":0,"menu_order":0,"comment_status":"closed","ping_status":"closed","template":"","meta":{"footnotes":""},"class_list":["post-42","page","type-page","status-publish"],"yoast_head":"<!-- This site is optimized with the Yoast SEO plugin v25.7 - https:\/\/yoast.com\/wordpress\/plugins\/seo\/ -->\n<title>Announcements - Ball\u0131p\u0131nar Agriculture<\/title>\n<meta name=\"robots\" content=\"index, follow, max-snippet:-1, max-image-preview:large, max-video-preview:-1\" \/>\n<link rel=\"canonical\" href=\"https:\/\/ballipinartarim.com\/en\/duyurular\/\" \/>\n<meta property=\"og:locale\" content=\"tr_TR\" \/>\n<meta property=\"og:type\" content=\"article\" \/>\n<meta property=\"og:title\" content=\"Announcements - Ball\u0131p\u0131nar Agriculture\" \/>\n<meta property=\"og:description\" content=\"[vc_row type=&#8221;in_container&#8221; full_screen_row_position=&#8221;middle&#8221; column_margin=&#8221;default&#8221; column_direction=&#8221;default&#8221; column_direction_tablet=&#8221;default&#8221; column_direction_phone=&#8221;default&#8221; scene_position=&#8221;center&#8221; text_color=&#8221;dark&#8221; text_align=&#8221;left&#8221; row_border_radius=&#8221;none&#8221; row_border_radius_applies=&#8221;bg&#8221; overflow=&#8221;visible&#8221; overlay_strength=&#8221;0.3&#8243; gradient_direction=&#8221;left_to_right&#8221; shape_divider_position=&#8221;bottom&#8221; bg_image_animation=&#8221;none&#8221;][vc_column column_padding=&#8221;no-extra-padding&#8221; column_padding_tablet=&#8221;inherit&#8221; column_padding_phone=&#8221;inherit&#8221; column_padding_position=&#8221;all&#8221; column_element_direction_desktop=&#8221;default&#8221; column_element_spacing=&#8221;default&#8221; desktop_text_alignment=&#8221;default&#8221; tablet_text_alignment=&#8221;default&#8221; phone_text_alignment=&#8221;default&#8221; background_color_opacity=&#8221;1&#8243; background_hover_color_opacity=&#8221;1&#8243; column_backdrop_filter=&#8221;none&#8221; column_shadow=&#8221;none&#8221;...\" \/>\n<meta property=\"og:url\" content=\"https:\/\/ballipinartarim.com\/en\/duyurular\/\" \/>\n<meta property=\"og:site_name\" content=\"Ball\u0131p\u0131nar Agriculture\" \/>\n<meta property=\"article:publisher\" content=\"http:\/\/www.facebook.com\/ballipinargrup\" \/>\n<meta property=\"article:modified_time\" content=\"2025-08-28T09:28:21+00:00\" \/>\n<meta property=\"og:image\" content=\"https:\/\/ballipinartarim.com\/en\/wp-content\/uploads\/2025\/08\/ballipinar-logo-splash.webp\" \/>\n\t<meta property=\"og:image:width\" content=\"512\" \/>\n\t<meta property=\"og:image:height\" content=\"512\" \/>\n\t<meta property=\"og:image:type\" content=\"image\/webp\" \/>\n<meta name=\"twitter:card\" content=\"summary_large_image\" \/>\n<meta name=\"twitter:site\" content=\"@ballipinargrup\" \/>\n<script type=\"application\/ld+json\" class=\"yoast-schema-graph\">{\"@context\":\"https:\/\/schema.org\",\"@graph\":[{\"@type\":\"WebPage\",\"@id\":\"https:\/\/ballipinartarim.com\/en\/duyurular\/\",\"url\":\"https:\/\/ballipinartarim.com\/en\/duyurular\/\",\"name\":\"Announcements - Ball\u0131p\u0131nar Agriculture\",\"isPartOf\":{\"@id\":\"https:\/\/ballipinartarim.com\/en\/#website\"},\"datePublished\":\"2023-09-07T12:34:48+00:00\",\"dateModified\":\"2025-08-28T09:28:21+00:00\",\"breadcrumb\":{\"@id\":\"https:\/\/ballipinartarim.com\/en\/duyurular\/#breadcrumb\"},\"inLanguage\":\"tr\",\"potentialAction\":[{\"@type\":\"ReadAction\",\"target\":[\"https:\/\/ballipinartarim.com\/en\/duyurular\/\"]}]},{\"@type\":\"BreadcrumbList\",\"@id\":\"https:\/\/ballipinartarim.com\/en\/duyurular\/#breadcrumb\",\"itemListElement\":[{\"@type\":\"ListItem\",\"position\":1,\"name\":\"Anasayfa\",\"item\":\"https:\/\/ballipinartarim.com\/en\/\"},{\"@type\":\"ListItem\",\"position\":2,\"name\":\"Announcements\"}]},{\"@type\":\"WebSite\",\"@id\":\"https:\/\/ballipinartarim.com\/en\/#website\",\"url\":\"https:\/\/ballipinartarim.com\/en\/\",\"name\":\"Ball\u0131p\u0131nar Tar\u0131m\",\"description\":\"\",\"publisher\":{\"@id\":\"https:\/\/ballipinartarim.com\/en\/#organization\"},\"potentialAction\":[{\"@type\":\"SearchAction\",\"target\":{\"@type\":\"EntryPoint\",\"urlTemplate\":\"https:\/\/ballipinartarim.com\/en\/?s={search_term_string}\"},\"query-input\":{\"@type\":\"PropertyValueSpecification\",\"valueRequired\":true,\"valueName\":\"search_term_string\"}}],\"inLanguage\":\"tr\"},{\"@type\":\"Organization\",\"@id\":\"https:\/\/ballipinartarim.com\/en\/#organization\",\"name\":\"Ball\u0131p\u0131nar Tar\u0131m\",\"alternateName\":\"Ball\u0131p\u0131nar Grup\",\"url\":\"https:\/\/ballipinartarim.com\/en\/\",\"logo\":{\"@type\":\"ImageObject\",\"inLanguage\":\"tr\",\"@id\":\"https:\/\/ballipinartarim.com\/en\/#\/schema\/logo\/image\/\",\"url\":\"https:\/\/ballipinartarim.com\/en\/wp-content\/uploads\/2025\/08\/ballipinar-logo-splash.webp\",\"contentUrl\":\"https:\/\/ballipinartarim.com\/en\/wp-content\/uploads\/2025\/08\/ballipinar-logo-splash.webp\",\"width\":512,\"height\":512,\"caption\":\"Ball\u0131p\u0131nar Tar\u0131m\"},\"image\":{\"@id\":\"https:\/\/ballipinartarim.com\/en\/#\/schema\/logo\/image\/\"},\"sameAs\":[\"http:\/\/www.facebook.com\/ballipinargrup\",\"https:\/\/x.com\/ballipinargrup\",\"http:\/\/www.instagram.com\/ballipinargrup\",\"https:\/\/www.linkedin.com\/company\/ballipinar\/\"]}]}<\/script>\n<!-- \/ Yoast SEO plugin. -->","yoast_head_json":{"title":"Announcements - Ball\u0131p\u0131nar Agriculture","robots":{"index":"index","follow":"follow","max-snippet":"max-snippet:-1","max-image-preview":"max-image-preview:large","max-video-preview":"max-video-preview:-1"},"canonical":"https:\/\/ballipinartarim.com\/en\/duyurular\/","og_locale":"tr_TR","og_type":"article","og_title":"Announcements - Ball\u0131p\u0131nar Agriculture","og_description":"[vc_row type=&#8221;in_container&#8221; full_screen_row_position=&#8221;middle&#8221; column_margin=&#8221;default&#8221; column_direction=&#8221;default&#8221; column_direction_tablet=&#8221;default&#8221; column_direction_phone=&#8221;default&#8221; scene_position=&#8221;center&#8221; text_color=&#8221;dark&#8221; text_align=&#8221;left&#8221; row_border_radius=&#8221;none&#8221; row_border_radius_applies=&#8221;bg&#8221; overflow=&#8221;visible&#8221; overlay_strength=&#8221;0.3&#8243; gradient_direction=&#8221;left_to_right&#8221; shape_divider_position=&#8221;bottom&#8221; bg_image_animation=&#8221;none&#8221;][vc_column column_padding=&#8221;no-extra-padding&#8221; column_padding_tablet=&#8221;inherit&#8221; column_padding_phone=&#8221;inherit&#8221; column_padding_position=&#8221;all&#8221; column_element_direction_desktop=&#8221;default&#8221; column_element_spacing=&#8221;default&#8221; desktop_text_alignment=&#8221;default&#8221; tablet_text_alignment=&#8221;default&#8221; phone_text_alignment=&#8221;default&#8221; background_color_opacity=&#8221;1&#8243; background_hover_color_opacity=&#8221;1&#8243; column_backdrop_filter=&#8221;none&#8221; column_shadow=&#8221;none&#8221;...","og_url":"https:\/\/ballipinartarim.com\/en\/duyurular\/","og_site_name":"Ball\u0131p\u0131nar Agriculture","article_publisher":"http:\/\/www.facebook.com\/ballipinargrup","article_modified_time":"2025-08-28T09:28:21+00:00","og_image":[{"width":512,"height":512,"url":"https:\/\/ballipinartarim.com\/en\/wp-content\/uploads\/2025\/08\/ballipinar-logo-splash.webp","type":"image\/webp"}],"twitter_card":"summary_large_image","twitter_site":"@ballipinargrup","schema":{"@context":"https:\/\/schema.org","@graph":[{"@type":"WebPage","@id":"https:\/\/ballipinartarim.com\/en\/duyurular\/","url":"https:\/\/ballipinartarim.com\/en\/duyurular\/","name":"Announcements - Ball\u0131p\u0131nar Agriculture","isPartOf":{"@id":"https:\/\/ballipinartarim.com\/en\/#website"},"datePublished":"2023-09-07T12:34:48+00:00","dateModified":"2025-08-28T09:28:21+00:00","breadcrumb":{"@id":"https:\/\/ballipinartarim.com\/en\/duyurular\/#breadcrumb"},"inLanguage":"tr","potentialAction":[{"@type":"ReadAction","target":["https:\/\/ballipinartarim.com\/en\/duyurular\/"]}]},{"@type":"BreadcrumbList","@id":"https:\/\/ballipinartarim.com\/en\/duyurular\/#breadcrumb","itemListElement":[{"@type":"ListItem","position":1,"name":"Anasayfa","item":"https:\/\/ballipinartarim.com\/en\/"},{"@type":"ListItem","position":2,"name":"Announcements"}]},{"@type":"WebSite","@id":"https:\/\/ballipinartarim.com\/en\/#website","url":"https:\/\/ballipinartarim.com\/en\/","name":"Ball\u0131p\u0131nar Tar\u0131m","description":"","publisher":{"@id":"https:\/\/ballipinartarim.com\/en\/#organization"},"potentialAction":[{"@type":"SearchAction","target":{"@type":"EntryPoint","urlTemplate":"https:\/\/ballipinartarim.com\/en\/?s={search_term_string}"},"query-input":{"@type":"PropertyValueSpecification","valueRequired":true,"valueName":"search_term_string"}}],"inLanguage":"tr"},{"@type":"Organization","@id":"https:\/\/ballipinartarim.com\/en\/#organization","name":"Ball\u0131p\u0131nar Tar\u0131m","alternateName":"Ball\u0131p\u0131nar Grup","url":"https:\/\/ballipinartarim.com\/en\/","logo":{"@type":"ImageObject","inLanguage":"tr","@id":"https:\/\/ballipinartarim.com\/en\/#\/schema\/logo\/image\/","url":"https:\/\/ballipinartarim.com\/en\/wp-content\/uploads\/2025\/08\/ballipinar-logo-splash.webp","contentUrl":"https:\/\/ballipinartarim.com\/en\/wp-content\/uploads\/2025\/08\/ballipinar-logo-splash.webp","width":512,"height":512,"caption":"Ball\u0131p\u0131nar Tar\u0131m"},"image":{"@id":"https:\/\/ballipinartarim.com\/en\/#\/schema\/logo\/image\/"},"sameAs":["http:\/\/www.facebook.com\/ballipinargrup","https:\/\/x.com\/ballipinargrup","http:\/\/www.instagram.com\/ballipinargrup","https:\/\/www.linkedin.com\/company\/ballipinar\/"]}]}},"_links":{"self":[{"href":"https:\/\/ballipinartarim.com\/en\/wp-json\/wp\/v2\/pages\/42","targetHints":{"allow":["GET"]}}],"collection":[{"href":"https:\/\/ballipinartarim.com\/en\/wp-json\/wp\/v2\/pages"}],"about":[{"href":"https:\/\/ballipinartarim.com\/en\/wp-json\/wp\/v2\/types\/page"}],"author":[{"embeddable":true,"href":"https:\/\/ballipinartarim.com\/en\/wp-json\/wp\/v2\/users\/1"}],"replies":[{"embeddable":true,"href":"https:\/\/ballipinartarim.com\/en\/wp-json\/wp\/v2\/comments?post=42"}],"version-history":[{"count":2,"href":"https:\/\/ballipinartarim.com\/en\/wp-json\/wp\/v2\/pages\/42\/revisions"}],"predecessor-version":[{"id":342,"href":"https:\/\/ballipinartarim.com\/en\/wp-json\/wp\/v2\/pages\/42\/revisions\/342"}],"wp:attachment":[{"href":"https:\/\/ballipinartarim.com\/en\/wp-json\/wp\/v2\/media?parent=42"}],"curies":[{"name":"wp","href":"https:\/\/api.w.org\/{rel}","templated":true}]}}