{"id":334,"date":"2025-08-26T16:15:22","date_gmt":"2025-08-26T16:15:22","guid":{"rendered":"https:\/\/ballipinartarim.com\/2025\/?page_id=334"},"modified":"2025-08-28T09:27:34","modified_gmt":"2025-08-28T09:27:34","slug":"kariyer","status":"publish","type":"page","link":"https:\/\/ballipinartarim.com\/en\/kariyer\/","title":{"rendered":"Career"},"content":{"rendered":"[vc_row type=&#8221;in_container&#8221; full_screen_row_position=&#8221;middle&#8221; column_margin=&#8221;default&#8221; column_direction=&#8221;default&#8221; column_direction_tablet=&#8221;default&#8221; column_direction_phone=&#8221;default&#8221; scene_position=&#8221;center&#8221; text_color=&#8221;dark&#8221; text_align=&#8221;left&#8221; row_border_radius=&#8221;none&#8221; row_border_radius_applies=&#8221;bg&#8221; overflow=&#8221;visible&#8221; overlay_strength=&#8221;0.3&#8243; gradient_direction=&#8221;left_to_right&#8221; shape_divider_position=&#8221;bottom&#8221; bg_image_animation=&#8221;none&#8221;][vc_column column_padding=&#8221;no-extra-padding&#8221; column_padding_tablet=&#8221;inherit&#8221; column_padding_phone=&#8221;inherit&#8221; column_padding_position=&#8221;all&#8221; column_element_direction_desktop=&#8221;default&#8221; column_element_spacing=&#8221;default&#8221; desktop_text_alignment=&#8221;default&#8221; tablet_text_alignment=&#8221;default&#8221; phone_text_alignment=&#8221;default&#8221; background_color_opacity=&#8221;1&#8243; background_hover_color_opacity=&#8221;1&#8243; column_backdrop_filter=&#8221;none&#8221; column_shadow=&#8221;none&#8221; column_border_radius=&#8221;none&#8221; column_link_target=&#8221;_self&#8221; column_position=&#8221;default&#8221; gradient_direction=&#8221;left_to_right&#8221; overlay_strength=&#8221;0.3&#8243; width=&#8221;1\/1&#8243; tablet_width_inherit=&#8221;default&#8221; animation_type=&#8221;default&#8221; bg_image_animation=&#8221;none&#8221; border_type=&#8221;simple&#8221; column_border_width=&#8221;none&#8221; column_border_style=&#8221;solid&#8221;][vc_column_text css=&#8221;&#8221; text_direction=&#8221;default&#8221;]<div class=\"forminator-ui forminator-custom-form forminator-custom-form-333 forminator-design--default  forminator_ajax\" data-forminator-render=\"0\" data-form=\"forminator-module-333\" data-uid=\"69e62bc43771b\"><br\/><\/div><form\n\t\t\t\tid=\"forminator-module-333\"\n\t\t\t\tclass=\"forminator-ui forminator-custom-form forminator-custom-form-333 forminator-design--default  forminator_ajax\"\n\t\t\t\tmethod=\"post\"\n\t\t\t\tdata-forminator-render=\"0\"\n\t\t\t\tdata-form-id=\"333\"\n\t\t\t\t\n\t\t\t\tdata-design=\"default\"\n\t\t\t\t\n\t\t\t\t\n\t\t\t\t\n\t\t\t\tdata-grid=\"open\"\n\t\t\t\tenctype=\"multipart\/form-data\"\n\t\t\t\t\n\t\t\t\tstyle=\"display: none;\"\n\t\t\t\t\n\t\t\t\tdata-uid=\"69e62bc43771b\"\n\t\t\t><div role=\"alert\" aria-live=\"polite\" class=\"forminator-response-message forminator-error\" aria-hidden=\"true\"><\/div><div class=\"forminator-row\"><div id=\"name-1\" class=\"forminator-field-name forminator-col forminator-col-12 \"><div class=\"forminator-field\"><label for=\"forminator-field-name-1_69e62bc43771b\" id=\"forminator-field-name-1_69e62bc43771b-label\" class=\"forminator-label\">Name Surname<\/label><input type=\"text\" name=\"name-1\" value=\"\" placeholder=\"\" id=\"forminator-field-name-1_69e62bc43771b\" class=\"forminator-input forminator-name--field\" aria-required=\"false\" \/><\/div><\/div><\/div><div class=\"forminator-row\"><div id=\"phone-1\" class=\"forminator-field-phone forminator-col forminator-col-6 \"><div class=\"forminator-field\"><label for=\"forminator-field-phone-1_69e62bc43771b\" id=\"forminator-field-phone-1_69e62bc43771b-label\" class=\"forminator-label\">Phone<\/label><input type=\"text\" name=\"phone-1\" value=\"\" placeholder=\"\" id=\"forminator-field-phone-1_69e62bc43771b\" class=\"forminator-input forminator-field--phone\" data-required=\"\" aria-required=\"false\" autocomplete=\"off\" \/><\/div><\/div><div id=\"email-1\" class=\"forminator-field-email forminator-col forminator-col-6 \"><div class=\"forminator-field\"><label for=\"forminator-field-email-1_69e62bc43771b\" id=\"forminator-field-email-1_69e62bc43771b-label\" class=\"forminator-label\">E-Mail Address<\/label><input type=\"email\" name=\"email-1\" value=\"\" placeholder=\"\" id=\"forminator-field-email-1_69e62bc43771b\" class=\"forminator-input forminator-email--field\" data-required=\"\" aria-required=\"false\" \/><\/div><\/div><\/div><div class=\"forminator-row\"><div id=\"upload-1\" class=\"forminator-field-upload forminator-col forminator-col-12 \"><div class=\"forminator-field\"><label for=\"forminator-field-upload-1_69e62bc43771b\" id=\"forminator-field-upload-1_69e62bc43771b-label\" class=\"forminator-label\">Upload CV<\/label><span id=\"forminator-field-upload-1_69e62bc43771b-description\" class=\"forminator-description\">You can upload your detailed CV in Docx or PDF format.<\/span><div class=\"forminator-file-upload \" data-element=\"upload-1_69e62bc43771b\" aria-describedby=\"forminator-field-upload-1_69e62bc43771b-description\"><input type=\"file\" name=\"upload-1\" id=\"forminator-field-upload-1_69e62bc43771b\" class=\"forminator-input-file\" accept=\".jpg,.jpeg,.jpe,.gif,.png,.bmp,.tiff,.tif,.webp,.avif,.ico,.heic,.heif,.heics,.heifs,.asf,.asx,.wmv,.wmx,.wm,.avi,.divx,.flv,.mov,.qt,.mpeg,.mpg,.mpe,.mp4,.m4v,.ogv,.webm,.mkv,.3gp,.3gpp,.3g2,.3gp2,.txt,.asc,.c,.cc,.h,.srt,.csv,.tsv,.ics,.rtx,.vtt,.mp3,.m4a,.m4b,.aac,.ra,.ram,.wav,.x-wav,.ogg,.oga,.flac,.mid,.midi,.wma,.wax,.mka,.rtf,.pdf,.class,.tar,.zip,.gz,.gzip,.7z,.psd,.xcf,.doc,.pot,.pps,.ppt,.wri,.xla,.xls,.xlt,.xlw,.mdb,.mpp,.docx,.docm,.dotx,.dotm,.xlsx,.xlsm,.xlsb,.xltx,.xltm,.xlam,.pptx,.pptm,.ppsx,.ppsm,.potx,.potm,.ppam,.sldx,.sldm,.onetoc,.onetoc2,.onetmp,.onepkg,.oxps,.xps,.odt,.odp,.ods,.odg,.odc,.odb,.odf,.wp,.wpd,.key,.numbers,.pages,.redux\"><button id=\"forminator-field-upload-1_69e62bc43771b_button\" class=\"forminator-button forminator-button-upload\" data-id=\"forminator-field-upload-1_69e62bc43771b\">Dosya Se\u00e7<\/button><span data-empty-text=\"Dosya se\u00e7ilmedi\">Dosya se\u00e7ilmedi<\/span><button class=\"forminator-button-delete\" style=\"display: none;\"><i class=\"forminator-icon-close\" aria-hidden=\"true\"><\/i><span class=\"forminator-screen-reader-only\">Y\u00fcklenen dosyay\u0131 sil<\/span><\/button><\/div><\/div><\/div><\/div><input type=\"hidden\" name=\"referer_url\" value=\"\" \/><div class=\"forminator-row forminator-row-last\"><div class=\"forminator-col\"><div class=\"forminator-field\"><button class=\"forminator-button forminator-button-submit\">Send<\/button><\/div><\/div><\/div><input type=\"hidden\" id=\"forminator_nonce\" name=\"forminator_nonce\" value=\"2bc68e8edb\" \/><input type=\"hidden\" name=\"_wp_http_referer\" value=\"\/en\/wp-json\/wp\/v2\/pages\/334\" \/><input type=\"hidden\" name=\"form_id\" value=\"333\"><input type=\"hidden\" name=\"page_id\" value=\"334\"><input type=\"hidden\" name=\"form_type\" value=\"default\"><input type=\"hidden\" name=\"current_url\" value=\"https:\/\/ballipinartarim.com\/en\/kariyer\/\"><input type=\"hidden\" name=\"render_id\" value=\"0\"><input type=\"hidden\" name=\"action\" value=\"forminator_submit_form_custom-forms\"><\/form>[\/vc_column_text][\/vc_column][\/vc_row]\n","protected":false},"excerpt":{"rendered":"<p>[vc_row type=&#8221;in_container&#8221; full_screen_row_position=&#8221;middle&#8221; column_margin=&#8221;default&#8221; column_direction=&#8221;default&#8221; column_direction_tablet=&#8221;default&#8221; column_direction_phone=&#8221;default&#8221; scene_position=&#8221;center&#8221; text_color=&#8221;dark&#8221; text_align=&#8221;left&#8221; row_border_radius=&#8221;none&#8221; row_border_radius_applies=&#8221;bg&#8221; overflow=&#8221;visible&#8221; overlay_strength=&#8221;0.3&#8243; gradient_direction=&#8221;left_to_right&#8221; shape_divider_position=&#8221;bottom&#8221; bg_image_animation=&#8221;none&#8221;][vc_column column_padding=&#8221;no-extra-padding&#8221; column_padding_tablet=&#8221;inherit&#8221; column_padding_phone=&#8221;inherit&#8221; column_padding_position=&#8221;all&#8221; column_element_direction_desktop=&#8221;default&#8221; column_element_spacing=&#8221;default&#8221; desktop_text_alignment=&#8221;default&#8221; tablet_text_alignment=&#8221;default&#8221; phone_text_alignment=&#8221;default&#8221; background_color_opacity=&#8221;1&#8243; background_hover_color_opacity=&#8221;1&#8243; column_backdrop_filter=&#8221;none&#8221; column_shadow=&#8221;none&#8221;&#8230;<\/p>\n","protected":false},"author":1,"featured_media":0,"parent":0,"menu_order":0,"comment_status":"closed","ping_status":"closed","template":"","meta":{"footnotes":""},"class_list":["post-334","page","type-page","status-publish"],"yoast_head":"<!-- This site is optimized with the Yoast SEO plugin v25.7 - https:\/\/yoast.com\/wordpress\/plugins\/seo\/ -->\n<title>Career - Ball\u0131p\u0131nar Agriculture<\/title>\n<meta name=\"robots\" content=\"index, follow, max-snippet:-1, max-image-preview:large, max-video-preview:-1\" \/>\n<link rel=\"canonical\" href=\"https:\/\/ballipinartarim.com\/en\/kariyer\/\" \/>\n<meta property=\"og:locale\" content=\"tr_TR\" \/>\n<meta property=\"og:type\" content=\"article\" \/>\n<meta property=\"og:title\" content=\"Career - Ball\u0131p\u0131nar Agriculture\" \/>\n<meta property=\"og:description\" content=\"[vc_row type=&#8221;in_container&#8221; full_screen_row_position=&#8221;middle&#8221; column_margin=&#8221;default&#8221; column_direction=&#8221;default&#8221; column_direction_tablet=&#8221;default&#8221; column_direction_phone=&#8221;default&#8221; scene_position=&#8221;center&#8221; text_color=&#8221;dark&#8221; text_align=&#8221;left&#8221; row_border_radius=&#8221;none&#8221; row_border_radius_applies=&#8221;bg&#8221; overflow=&#8221;visible&#8221; overlay_strength=&#8221;0.3&#8243; gradient_direction=&#8221;left_to_right&#8221; shape_divider_position=&#8221;bottom&#8221; bg_image_animation=&#8221;none&#8221;][vc_column column_padding=&#8221;no-extra-padding&#8221; column_padding_tablet=&#8221;inherit&#8221; column_padding_phone=&#8221;inherit&#8221; column_padding_position=&#8221;all&#8221; column_element_direction_desktop=&#8221;default&#8221; column_element_spacing=&#8221;default&#8221; desktop_text_alignment=&#8221;default&#8221; tablet_text_alignment=&#8221;default&#8221; phone_text_alignment=&#8221;default&#8221; background_color_opacity=&#8221;1&#8243; background_hover_color_opacity=&#8221;1&#8243; column_backdrop_filter=&#8221;none&#8221; column_shadow=&#8221;none&#8221;...\" \/>\n<meta property=\"og:url\" content=\"https:\/\/ballipinartarim.com\/en\/kariyer\/\" \/>\n<meta property=\"og:site_name\" content=\"Ball\u0131p\u0131nar Agriculture\" \/>\n<meta property=\"article:publisher\" content=\"http:\/\/www.facebook.com\/ballipinargrup\" \/>\n<meta property=\"article:modified_time\" content=\"2025-08-28T09:27:34+00:00\" \/>\n<meta property=\"og:image\" content=\"https:\/\/ballipinartarim.com\/en\/wp-content\/uploads\/2025\/08\/ballipinar-logo-splash.webp\" \/>\n\t<meta property=\"og:image:width\" content=\"512\" \/>\n\t<meta property=\"og:image:height\" content=\"512\" \/>\n\t<meta property=\"og:image:type\" content=\"image\/webp\" \/>\n<meta name=\"twitter:card\" content=\"summary_large_image\" \/>\n<meta name=\"twitter:site\" content=\"@ballipinargrup\" \/>\n<script type=\"application\/ld+json\" class=\"yoast-schema-graph\">{\"@context\":\"https:\/\/schema.org\",\"@graph\":[{\"@type\":\"WebPage\",\"@id\":\"https:\/\/ballipinartarim.com\/en\/kariyer\/\",\"url\":\"https:\/\/ballipinartarim.com\/en\/kariyer\/\",\"name\":\"Career - Ball\u0131p\u0131nar Agriculture\",\"isPartOf\":{\"@id\":\"https:\/\/ballipinartarim.com\/en\/#website\"},\"datePublished\":\"2025-08-26T16:15:22+00:00\",\"dateModified\":\"2025-08-28T09:27:34+00:00\",\"breadcrumb\":{\"@id\":\"https:\/\/ballipinartarim.com\/en\/kariyer\/#breadcrumb\"},\"inLanguage\":\"tr\",\"potentialAction\":[{\"@type\":\"ReadAction\",\"target\":[\"https:\/\/ballipinartarim.com\/en\/kariyer\/\"]}]},{\"@type\":\"BreadcrumbList\",\"@id\":\"https:\/\/ballipinartarim.com\/en\/kariyer\/#breadcrumb\",\"itemListElement\":[{\"@type\":\"ListItem\",\"position\":1,\"name\":\"Anasayfa\",\"item\":\"https:\/\/ballipinartarim.com\/en\/\"},{\"@type\":\"ListItem\",\"position\":2,\"name\":\"Career\"}]},{\"@type\":\"WebSite\",\"@id\":\"https:\/\/ballipinartarim.com\/en\/#website\",\"url\":\"https:\/\/ballipinartarim.com\/en\/\",\"name\":\"Ball\u0131p\u0131nar Tar\u0131m\",\"description\":\"\",\"publisher\":{\"@id\":\"https:\/\/ballipinartarim.com\/en\/#organization\"},\"potentialAction\":[{\"@type\":\"SearchAction\",\"target\":{\"@type\":\"EntryPoint\",\"urlTemplate\":\"https:\/\/ballipinartarim.com\/en\/?s={search_term_string}\"},\"query-input\":{\"@type\":\"PropertyValueSpecification\",\"valueRequired\":true,\"valueName\":\"search_term_string\"}}],\"inLanguage\":\"tr\"},{\"@type\":\"Organization\",\"@id\":\"https:\/\/ballipinartarim.com\/en\/#organization\",\"name\":\"Ball\u0131p\u0131nar Tar\u0131m\",\"alternateName\":\"Ball\u0131p\u0131nar Grup\",\"url\":\"https:\/\/ballipinartarim.com\/en\/\",\"logo\":{\"@type\":\"ImageObject\",\"inLanguage\":\"tr\",\"@id\":\"https:\/\/ballipinartarim.com\/en\/#\/schema\/logo\/image\/\",\"url\":\"https:\/\/ballipinartarim.com\/en\/wp-content\/uploads\/2025\/08\/ballipinar-logo-splash.webp\",\"contentUrl\":\"https:\/\/ballipinartarim.com\/en\/wp-content\/uploads\/2025\/08\/ballipinar-logo-splash.webp\",\"width\":512,\"height\":512,\"caption\":\"Ball\u0131p\u0131nar Tar\u0131m\"},\"image\":{\"@id\":\"https:\/\/ballipinartarim.com\/en\/#\/schema\/logo\/image\/\"},\"sameAs\":[\"http:\/\/www.facebook.com\/ballipinargrup\",\"https:\/\/x.com\/ballipinargrup\",\"http:\/\/www.instagram.com\/ballipinargrup\",\"https:\/\/www.linkedin.com\/company\/ballipinar\/\"]}]}<\/script>\n<!-- \/ Yoast SEO plugin. -->","yoast_head_json":{"title":"Career - Ball\u0131p\u0131nar Agriculture","robots":{"index":"index","follow":"follow","max-snippet":"max-snippet:-1","max-image-preview":"max-image-preview:large","max-video-preview":"max-video-preview:-1"},"canonical":"https:\/\/ballipinartarim.com\/en\/kariyer\/","og_locale":"tr_TR","og_type":"article","og_title":"Career - Ball\u0131p\u0131nar Agriculture","og_description":"[vc_row type=&#8221;in_container&#8221; full_screen_row_position=&#8221;middle&#8221; column_margin=&#8221;default&#8221; column_direction=&#8221;default&#8221; column_direction_tablet=&#8221;default&#8221; column_direction_phone=&#8221;default&#8221; scene_position=&#8221;center&#8221; text_color=&#8221;dark&#8221; text_align=&#8221;left&#8221; row_border_radius=&#8221;none&#8221; row_border_radius_applies=&#8221;bg&#8221; overflow=&#8221;visible&#8221; overlay_strength=&#8221;0.3&#8243; gradient_direction=&#8221;left_to_right&#8221; shape_divider_position=&#8221;bottom&#8221; bg_image_animation=&#8221;none&#8221;][vc_column column_padding=&#8221;no-extra-padding&#8221; column_padding_tablet=&#8221;inherit&#8221; column_padding_phone=&#8221;inherit&#8221; column_padding_position=&#8221;all&#8221; column_element_direction_desktop=&#8221;default&#8221; column_element_spacing=&#8221;default&#8221; desktop_text_alignment=&#8221;default&#8221; tablet_text_alignment=&#8221;default&#8221; phone_text_alignment=&#8221;default&#8221; background_color_opacity=&#8221;1&#8243; background_hover_color_opacity=&#8221;1&#8243; column_backdrop_filter=&#8221;none&#8221; column_shadow=&#8221;none&#8221;...","og_url":"https:\/\/ballipinartarim.com\/en\/kariyer\/","og_site_name":"Ball\u0131p\u0131nar Agriculture","article_publisher":"http:\/\/www.facebook.com\/ballipinargrup","article_modified_time":"2025-08-28T09:27:34+00:00","og_image":[{"width":512,"height":512,"url":"https:\/\/ballipinartarim.com\/en\/wp-content\/uploads\/2025\/08\/ballipinar-logo-splash.webp","type":"image\/webp"}],"twitter_card":"summary_large_image","twitter_site":"@ballipinargrup","schema":{"@context":"https:\/\/schema.org","@graph":[{"@type":"WebPage","@id":"https:\/\/ballipinartarim.com\/en\/kariyer\/","url":"https:\/\/ballipinartarim.com\/en\/kariyer\/","name":"Career - Ball\u0131p\u0131nar Agriculture","isPartOf":{"@id":"https:\/\/ballipinartarim.com\/en\/#website"},"datePublished":"2025-08-26T16:15:22+00:00","dateModified":"2025-08-28T09:27:34+00:00","breadcrumb":{"@id":"https:\/\/ballipinartarim.com\/en\/kariyer\/#breadcrumb"},"inLanguage":"tr","potentialAction":[{"@type":"ReadAction","target":["https:\/\/ballipinartarim.com\/en\/kariyer\/"]}]},{"@type":"BreadcrumbList","@id":"https:\/\/ballipinartarim.com\/en\/kariyer\/#breadcrumb","itemListElement":[{"@type":"ListItem","position":1,"name":"Anasayfa","item":"https:\/\/ballipinartarim.com\/en\/"},{"@type":"ListItem","position":2,"name":"Career"}]},{"@type":"WebSite","@id":"https:\/\/ballipinartarim.com\/en\/#website","url":"https:\/\/ballipinartarim.com\/en\/","name":"Ball\u0131p\u0131nar Tar\u0131m","description":"","publisher":{"@id":"https:\/\/ballipinartarim.com\/en\/#organization"},"potentialAction":[{"@type":"SearchAction","target":{"@type":"EntryPoint","urlTemplate":"https:\/\/ballipinartarim.com\/en\/?s={search_term_string}"},"query-input":{"@type":"PropertyValueSpecification","valueRequired":true,"valueName":"search_term_string"}}],"inLanguage":"tr"},{"@type":"Organization","@id":"https:\/\/ballipinartarim.com\/en\/#organization","name":"Ball\u0131p\u0131nar Tar\u0131m","alternateName":"Ball\u0131p\u0131nar Grup","url":"https:\/\/ballipinartarim.com\/en\/","logo":{"@type":"ImageObject","inLanguage":"tr","@id":"https:\/\/ballipinartarim.com\/en\/#\/schema\/logo\/image\/","url":"https:\/\/ballipinartarim.com\/en\/wp-content\/uploads\/2025\/08\/ballipinar-logo-splash.webp","contentUrl":"https:\/\/ballipinartarim.com\/en\/wp-content\/uploads\/2025\/08\/ballipinar-logo-splash.webp","width":512,"height":512,"caption":"Ball\u0131p\u0131nar Tar\u0131m"},"image":{"@id":"https:\/\/ballipinartarim.com\/en\/#\/schema\/logo\/image\/"},"sameAs":["http:\/\/www.facebook.com\/ballipinargrup","https:\/\/x.com\/ballipinargrup","http:\/\/www.instagram.com\/ballipinargrup","https:\/\/www.linkedin.com\/company\/ballipinar\/"]}]}},"_links":{"self":[{"href":"https:\/\/ballipinartarim.com\/en\/wp-json\/wp\/v2\/pages\/334","targetHints":{"allow":["GET"]}}],"collection":[{"href":"https:\/\/ballipinartarim.com\/en\/wp-json\/wp\/v2\/pages"}],"about":[{"href":"https:\/\/ballipinartarim.com\/en\/wp-json\/wp\/v2\/types\/page"}],"author":[{"embeddable":true,"href":"https:\/\/ballipinartarim.com\/en\/wp-json\/wp\/v2\/users\/1"}],"replies":[{"embeddable":true,"href":"https:\/\/ballipinartarim.com\/en\/wp-json\/wp\/v2\/comments?post=334"}],"version-history":[{"count":2,"href":"https:\/\/ballipinartarim.com\/en\/wp-json\/wp\/v2\/pages\/334\/revisions"}],"predecessor-version":[{"id":340,"href":"https:\/\/ballipinartarim.com\/en\/wp-json\/wp\/v2\/pages\/334\/revisions\/340"}],"wp:attachment":[{"href":"https:\/\/ballipinartarim.com\/en\/wp-json\/wp\/v2\/media?parent=334"}],"curies":[{"name":"wp","href":"https:\/\/api.w.org\/{rel}","templated":true}]}}