{"id":288,"date":"2025-08-26T11:20:55","date_gmt":"2025-08-26T11:20:55","guid":{"rendered":"https:\/\/ballipinartarim.com\/2025\/?page_id=288"},"modified":"2025-09-01T12:01:14","modified_gmt":"2025-09-01T12:01:14","slug":"logistics","status":"publish","type":"page","link":"https:\/\/ballipinartarim.com\/en\/logistics\/","title":{"rendered":"Logistics"},"content":{"rendered":"[vc_row type=&#8221;in_container&#8221; full_screen_row_position=&#8221;middle&#8221; column_margin=&#8221;default&#8221; column_direction=&#8221;default&#8221; column_direction_tablet=&#8221;default&#8221; column_direction_phone=&#8221;default&#8221; scene_position=&#8221;center&#8221; text_color=&#8221;dark&#8221; text_align=&#8221;left&#8221; row_border_radius=&#8221;none&#8221; row_border_radius_applies=&#8221;bg&#8221; overflow=&#8221;visible&#8221; overlay_strength=&#8221;0.3&#8243; gradient_direction=&#8221;left_to_right&#8221; shape_divider_position=&#8221;bottom&#8221; bg_image_animation=&#8221;none&#8221;][vc_column column_padding=&#8221;no-extra-padding&#8221; column_padding_tablet=&#8221;inherit&#8221; column_padding_phone=&#8221;inherit&#8221; column_padding_position=&#8221;all&#8221; column_element_direction_desktop=&#8221;default&#8221; column_element_spacing=&#8221;default&#8221; desktop_text_alignment=&#8221;default&#8221; tablet_text_alignment=&#8221;default&#8221; phone_text_alignment=&#8221;default&#8221; background_color_opacity=&#8221;1&#8243; background_hover_color_opacity=&#8221;1&#8243; column_backdrop_filter=&#8221;none&#8221; column_shadow=&#8221;none&#8221; column_border_radius=&#8221;none&#8221; column_link_target=&#8221;_self&#8221; column_position=&#8221;default&#8221; gradient_direction=&#8221;left_to_right&#8221; overlay_strength=&#8221;0.3&#8243; width=&#8221;1\/2&#8243; tablet_width_inherit=&#8221;default&#8221; animation_type=&#8221;default&#8221; bg_image_animation=&#8221;none&#8221; border_type=&#8221;simple&#8221; column_border_width=&#8221;none&#8221; column_border_style=&#8221;solid&#8221;][image_with_animation image_url=&#8221;290&#8243; image_size=&#8221;full&#8221; max_width=&#8221;100%&#8221; max_width_mobile=&#8221;default&#8221; animation_type=&#8221;entrance&#8221; animation=&#8221;None&#8221; animation_movement_type=&#8221;transform_y&#8221; hover_animation=&#8221;none&#8221; alignment=&#8221;&#8221; border_radius=&#8221;20px&#8221; box_shadow=&#8221;none&#8221; image_loading=&#8221;default&#8221;][\/vc_column][vc_column column_padding=&#8221;no-extra-padding&#8221; column_padding_tablet=&#8221;inherit&#8221; column_padding_phone=&#8221;inherit&#8221; column_padding_position=&#8221;all&#8221; column_element_direction_desktop=&#8221;default&#8221; column_element_spacing=&#8221;default&#8221; desktop_text_alignment=&#8221;default&#8221; tablet_text_alignment=&#8221;default&#8221; phone_text_alignment=&#8221;default&#8221; background_color_opacity=&#8221;1&#8243; background_hover_color_opacity=&#8221;1&#8243; column_backdrop_filter=&#8221;none&#8221; column_shadow=&#8221;none&#8221; column_border_radius=&#8221;none&#8221; column_link_target=&#8221;_self&#8221; column_position=&#8221;default&#8221; gradient_direction=&#8221;left_to_right&#8221; overlay_strength=&#8221;0.3&#8243; width=&#8221;1\/2&#8243; tablet_width_inherit=&#8221;default&#8221; animation_type=&#8221;default&#8221; bg_image_animation=&#8221;none&#8221; border_type=&#8221;simple&#8221; column_border_width=&#8221;none&#8221; column_border_style=&#8221;solid&#8221;][vc_column_text css=&#8221;&#8221; text_direction=&#8221;default&#8221;]\n<h2>Strong Fleet, Safe Transportation<\/h2>\n<p>As Ball\u0131p\u0131nar Agriculture, we are a strong player not only in agricultural production but also in the logistics sector.<br \/>\nWith our modern truck fleet, our ever-growing capacity, and our innovative approach to transportation, we safely transport not only agricultural products but also many other products for import and export.<\/p>\n<p>As one of Turkey&#8217;s leading agricultural and food companies, we offer high-quality products imported from abroad to domestic producers; at the same time, we represent our country&#8217;s agricultural strength on the international stage by exporting our domestic production to global markets.<\/p>\n<p><strong>Our Logistics Strength in Import and Export<\/strong><\/p>\n<ul>\n<li>Smooth and timely transportation of agricultural inputs and raw materials imported from abroad<\/li>\n<li>Secure logistics solutions for the export processes of products produced by our local producers<\/li>\n<li>Seamless integration of port, customs, and domestic market connections with our modern fleet<\/li>\n<li>Storage, loading, and transportation services in line with international logistics standards<\/li>\n<li>Ball\u0131p\u0131nar Agriculture has adopted timely delivery, product safety, and customer satisfaction as its core principles in import and export logistics.<\/li>\n<\/ul>\n<p><strong>Our Professional Logistics Team<\/strong><\/p>\n<p>Our experienced and professional logistics team, whom you can trust with your products, are the most important guarantee of our logistics operations. Our team, which has been serving in the sector for many years, carries out every delivery meticulously and on time.[\/vc_column_text][\/vc_column][\/vc_row][vc_row type=&#8221;in_container&#8221; full_screen_row_position=&#8221;middle&#8221; column_margin=&#8221;default&#8221; equal_height=&#8221;yes&#8221; content_placement=&#8221;top&#8221; column_direction=&#8221;default&#8221; column_direction_tablet=&#8221;default&#8221; column_direction_phone=&#8221;column_reverse&#8221; scene_position=&#8221;center&#8221; text_color=&#8221;dark&#8221; text_align=&#8221;left&#8221; row_border_radius=&#8221;none&#8221; row_border_radius_applies=&#8221;bg&#8221; overflow=&#8221;visible&#8221; overlay_strength=&#8221;0.3&#8243; gradient_direction=&#8221;left_to_right&#8221; shape_divider_position=&#8221;bottom&#8221; bg_image_animation=&#8221;none&#8221; gradient_type=&#8221;default&#8221; shape_type=&#8221;&#8221;][vc_column column_padding=&#8221;no-extra-padding&#8221; column_padding_tablet=&#8221;inherit&#8221; column_padding_phone=&#8221;inherit&#8221; column_padding_position=&#8221;all&#8221; column_element_direction_desktop=&#8221;default&#8221; column_element_spacing=&#8221;default&#8221; desktop_text_alignment=&#8221;default&#8221; tablet_text_alignment=&#8221;default&#8221; phone_text_alignment=&#8221;default&#8221; background_color_opacity=&#8221;1&#8243; background_hover_color_opacity=&#8221;1&#8243; column_backdrop_filter=&#8221;none&#8221; column_shadow=&#8221;none&#8221; column_border_radius=&#8221;none&#8221; column_link_target=&#8221;_self&#8221; column_position=&#8221;default&#8221; gradient_direction=&#8221;left_to_right&#8221; overlay_strength=&#8221;0.3&#8243; width=&#8221;1\/2&#8243; tablet_width_inherit=&#8221;default&#8221; animation_type=&#8221;default&#8221; bg_image_animation=&#8221;none&#8221; border_type=&#8221;simple&#8221; column_border_width=&#8221;none&#8221; column_border_style=&#8221;solid&#8221;][vc_column_text css=&#8221;&#8221; text_direction=&#8221;default&#8221;]\n<h3>Fast, On Time, Hassle-Free<\/h3>\n<p>As Ball\u0131p\u0131nar Agriculture, the foundation of our logistics policy is:<\/p>\n<ul>\n<li>Fast service<\/li>\n<li>On-time delivery<\/li>\n<li>Hassle-free operations management<\/li>\n<\/ul>\n<p>Our work ethic based on honesty and trust, combined with the international quality standards we adopt in terms of efficiency, quality, and occupational safety, sets us apart in the logistics field.<\/p>\n<h3>Stay Safe with Ball\u0131p\u0131nar Agriculture<\/h3>\n<p>Completing the job we promise at the time we promise is the most important commitment we make to our customers in our transportation activities. With our growing fleet, our expertise in import and export operations, and our reliable working principles, Ball\u0131p\u0131nar Tar\u0131m has secured its place among the leading brands in the logistics sector.[\/vc_column_text][\/vc_column][vc_column column_padding=&#8221;no-extra-padding&#8221; column_padding_tablet=&#8221;inherit&#8221; column_padding_phone=&#8221;inherit&#8221; column_padding_position=&#8221;all&#8221; column_element_direction_desktop=&#8221;default&#8221; column_element_spacing=&#8221;default&#8221; desktop_text_alignment=&#8221;default&#8221; tablet_text_alignment=&#8221;default&#8221; phone_text_alignment=&#8221;default&#8221; background_color_opacity=&#8221;1&#8243; background_hover_color_opacity=&#8221;1&#8243; column_backdrop_filter=&#8221;none&#8221; column_shadow=&#8221;none&#8221; column_border_radius=&#8221;none&#8221; column_link_target=&#8221;_self&#8221; column_position=&#8221;default&#8221; gradient_direction=&#8221;left_to_right&#8221; overlay_strength=&#8221;0.3&#8243; width=&#8221;1\/2&#8243; tablet_width_inherit=&#8221;default&#8221; animation_type=&#8221;default&#8221; bg_image_animation=&#8221;none&#8221; border_type=&#8221;simple&#8221; column_border_width=&#8221;none&#8221; column_border_style=&#8221;solid&#8221;][image_with_animation image_url=&#8221;291&#8243; image_size=&#8221;full&#8221; max_width=&#8221;100%&#8221; max_width_mobile=&#8221;default&#8221; animation_type=&#8221;entrance&#8221; animation=&#8221;None&#8221; animation_movement_type=&#8221;transform_y&#8221; hover_animation=&#8221;none&#8221; alignment=&#8221;&#8221; border_radius=&#8221;20px&#8221; box_shadow=&#8221;none&#8221; image_loading=&#8221;default&#8221;][\/vc_column][\/vc_row]\n","protected":false},"excerpt":{"rendered":"<p>[vc_row type=&#8221;in_container&#8221; full_screen_row_position=&#8221;middle&#8221; column_margin=&#8221;default&#8221; column_direction=&#8221;default&#8221; column_direction_tablet=&#8221;default&#8221; column_direction_phone=&#8221;default&#8221; scene_position=&#8221;center&#8221; text_color=&#8221;dark&#8221; text_align=&#8221;left&#8221; row_border_radius=&#8221;none&#8221; row_border_radius_applies=&#8221;bg&#8221; overflow=&#8221;visible&#8221; overlay_strength=&#8221;0.3&#8243; gradient_direction=&#8221;left_to_right&#8221; shape_divider_position=&#8221;bottom&#8221; bg_image_animation=&#8221;none&#8221;][vc_column column_padding=&#8221;no-extra-padding&#8221; column_padding_tablet=&#8221;inherit&#8221; column_padding_phone=&#8221;inherit&#8221; column_padding_position=&#8221;all&#8221; column_element_direction_desktop=&#8221;default&#8221; column_element_spacing=&#8221;default&#8221; desktop_text_alignment=&#8221;default&#8221; tablet_text_alignment=&#8221;default&#8221; phone_text_alignment=&#8221;default&#8221; background_color_opacity=&#8221;1&#8243; background_hover_color_opacity=&#8221;1&#8243; column_backdrop_filter=&#8221;none&#8221; column_shadow=&#8221;none&#8221;&#8230;<\/p>\n","protected":false},"author":1,"featured_media":0,"parent":0,"menu_order":0,"comment_status":"closed","ping_status":"closed","template":"","meta":{"footnotes":""},"class_list":["post-288","page","type-page","status-publish"],"yoast_head":"<!-- This site is optimized with the Yoast SEO plugin v25.7 - https:\/\/yoast.com\/wordpress\/plugins\/seo\/ -->\n<title>Logistics - Ball\u0131p\u0131nar Agriculture<\/title>\n<meta name=\"robots\" content=\"index, follow, max-snippet:-1, max-image-preview:large, max-video-preview:-1\" \/>\n<link rel=\"canonical\" href=\"https:\/\/ballipinartarim.com\/en\/logistics\/\" \/>\n<meta property=\"og:locale\" content=\"tr_TR\" \/>\n<meta property=\"og:type\" content=\"article\" \/>\n<meta property=\"og:title\" content=\"Logistics - Ball\u0131p\u0131nar Agriculture\" \/>\n<meta property=\"og:description\" content=\"[vc_row type=&#8221;in_container&#8221; full_screen_row_position=&#8221;middle&#8221; column_margin=&#8221;default&#8221; column_direction=&#8221;default&#8221; column_direction_tablet=&#8221;default&#8221; column_direction_phone=&#8221;default&#8221; scene_position=&#8221;center&#8221; text_color=&#8221;dark&#8221; text_align=&#8221;left&#8221; row_border_radius=&#8221;none&#8221; row_border_radius_applies=&#8221;bg&#8221; overflow=&#8221;visible&#8221; overlay_strength=&#8221;0.3&#8243; gradient_direction=&#8221;left_to_right&#8221; shape_divider_position=&#8221;bottom&#8221; bg_image_animation=&#8221;none&#8221;][vc_column column_padding=&#8221;no-extra-padding&#8221; column_padding_tablet=&#8221;inherit&#8221; column_padding_phone=&#8221;inherit&#8221; column_padding_position=&#8221;all&#8221; column_element_direction_desktop=&#8221;default&#8221; column_element_spacing=&#8221;default&#8221; desktop_text_alignment=&#8221;default&#8221; tablet_text_alignment=&#8221;default&#8221; phone_text_alignment=&#8221;default&#8221; background_color_opacity=&#8221;1&#8243; background_hover_color_opacity=&#8221;1&#8243; column_backdrop_filter=&#8221;none&#8221; column_shadow=&#8221;none&#8221;...\" \/>\n<meta property=\"og:url\" content=\"https:\/\/ballipinartarim.com\/en\/logistics\/\" \/>\n<meta property=\"og:site_name\" content=\"Ball\u0131p\u0131nar Agriculture\" \/>\n<meta property=\"article:publisher\" content=\"http:\/\/www.facebook.com\/ballipinargrup\" \/>\n<meta property=\"article:modified_time\" content=\"2025-09-01T12:01:14+00:00\" \/>\n<meta property=\"og:image\" content=\"https:\/\/ballipinartarim.com\/en\/wp-content\/uploads\/2025\/08\/ballipinar-logo-splash.webp\" \/>\n\t<meta property=\"og:image:width\" content=\"512\" \/>\n\t<meta property=\"og:image:height\" content=\"512\" \/>\n\t<meta property=\"og:image:type\" content=\"image\/webp\" \/>\n<meta name=\"twitter:card\" content=\"summary_large_image\" \/>\n<meta name=\"twitter:site\" content=\"@ballipinargrup\" \/>\n<meta name=\"twitter:label1\" content=\"Tahmini okuma s\u00fcresi\" \/>\n\t<meta name=\"twitter:data1\" content=\"3 dakika\" \/>\n<script type=\"application\/ld+json\" class=\"yoast-schema-graph\">{\"@context\":\"https:\/\/schema.org\",\"@graph\":[{\"@type\":\"WebPage\",\"@id\":\"https:\/\/ballipinartarim.com\/en\/logistics\/\",\"url\":\"https:\/\/ballipinartarim.com\/en\/logistics\/\",\"name\":\"Logistics - Ball\u0131p\u0131nar Agriculture\",\"isPartOf\":{\"@id\":\"https:\/\/ballipinartarim.com\/en\/#website\"},\"datePublished\":\"2025-08-26T11:20:55+00:00\",\"dateModified\":\"2025-09-01T12:01:14+00:00\",\"breadcrumb\":{\"@id\":\"https:\/\/ballipinartarim.com\/en\/logistics\/#breadcrumb\"},\"inLanguage\":\"tr\",\"potentialAction\":[{\"@type\":\"ReadAction\",\"target\":[\"https:\/\/ballipinartarim.com\/en\/logistics\/\"]}]},{\"@type\":\"BreadcrumbList\",\"@id\":\"https:\/\/ballipinartarim.com\/en\/logistics\/#breadcrumb\",\"itemListElement\":[{\"@type\":\"ListItem\",\"position\":1,\"name\":\"Anasayfa\",\"item\":\"https:\/\/ballipinartarim.com\/en\/\"},{\"@type\":\"ListItem\",\"position\":2,\"name\":\"Logistics\"}]},{\"@type\":\"WebSite\",\"@id\":\"https:\/\/ballipinartarim.com\/en\/#website\",\"url\":\"https:\/\/ballipinartarim.com\/en\/\",\"name\":\"Ball\u0131p\u0131nar Tar\u0131m\",\"description\":\"\",\"publisher\":{\"@id\":\"https:\/\/ballipinartarim.com\/en\/#organization\"},\"potentialAction\":[{\"@type\":\"SearchAction\",\"target\":{\"@type\":\"EntryPoint\",\"urlTemplate\":\"https:\/\/ballipinartarim.com\/en\/?s={search_term_string}\"},\"query-input\":{\"@type\":\"PropertyValueSpecification\",\"valueRequired\":true,\"valueName\":\"search_term_string\"}}],\"inLanguage\":\"tr\"},{\"@type\":\"Organization\",\"@id\":\"https:\/\/ballipinartarim.com\/en\/#organization\",\"name\":\"Ball\u0131p\u0131nar Tar\u0131m\",\"alternateName\":\"Ball\u0131p\u0131nar Grup\",\"url\":\"https:\/\/ballipinartarim.com\/en\/\",\"logo\":{\"@type\":\"ImageObject\",\"inLanguage\":\"tr\",\"@id\":\"https:\/\/ballipinartarim.com\/en\/#\/schema\/logo\/image\/\",\"url\":\"https:\/\/ballipinartarim.com\/en\/wp-content\/uploads\/2025\/08\/ballipinar-logo-splash.webp\",\"contentUrl\":\"https:\/\/ballipinartarim.com\/en\/wp-content\/uploads\/2025\/08\/ballipinar-logo-splash.webp\",\"width\":512,\"height\":512,\"caption\":\"Ball\u0131p\u0131nar Tar\u0131m\"},\"image\":{\"@id\":\"https:\/\/ballipinartarim.com\/en\/#\/schema\/logo\/image\/\"},\"sameAs\":[\"http:\/\/www.facebook.com\/ballipinargrup\",\"https:\/\/x.com\/ballipinargrup\",\"http:\/\/www.instagram.com\/ballipinargrup\",\"https:\/\/www.linkedin.com\/company\/ballipinar\/\"]}]}<\/script>\n<!-- \/ Yoast SEO plugin. -->","yoast_head_json":{"title":"Logistics - Ball\u0131p\u0131nar Agriculture","robots":{"index":"index","follow":"follow","max-snippet":"max-snippet:-1","max-image-preview":"max-image-preview:large","max-video-preview":"max-video-preview:-1"},"canonical":"https:\/\/ballipinartarim.com\/en\/logistics\/","og_locale":"tr_TR","og_type":"article","og_title":"Logistics - Ball\u0131p\u0131nar Agriculture","og_description":"[vc_row type=&#8221;in_container&#8221; full_screen_row_position=&#8221;middle&#8221; column_margin=&#8221;default&#8221; column_direction=&#8221;default&#8221; column_direction_tablet=&#8221;default&#8221; column_direction_phone=&#8221;default&#8221; scene_position=&#8221;center&#8221; text_color=&#8221;dark&#8221; text_align=&#8221;left&#8221; row_border_radius=&#8221;none&#8221; row_border_radius_applies=&#8221;bg&#8221; overflow=&#8221;visible&#8221; overlay_strength=&#8221;0.3&#8243; gradient_direction=&#8221;left_to_right&#8221; shape_divider_position=&#8221;bottom&#8221; bg_image_animation=&#8221;none&#8221;][vc_column column_padding=&#8221;no-extra-padding&#8221; column_padding_tablet=&#8221;inherit&#8221; column_padding_phone=&#8221;inherit&#8221; column_padding_position=&#8221;all&#8221; column_element_direction_desktop=&#8221;default&#8221; column_element_spacing=&#8221;default&#8221; desktop_text_alignment=&#8221;default&#8221; tablet_text_alignment=&#8221;default&#8221; phone_text_alignment=&#8221;default&#8221; background_color_opacity=&#8221;1&#8243; background_hover_color_opacity=&#8221;1&#8243; column_backdrop_filter=&#8221;none&#8221; column_shadow=&#8221;none&#8221;...","og_url":"https:\/\/ballipinartarim.com\/en\/logistics\/","og_site_name":"Ball\u0131p\u0131nar Agriculture","article_publisher":"http:\/\/www.facebook.com\/ballipinargrup","article_modified_time":"2025-09-01T12:01:14+00:00","og_image":[{"width":512,"height":512,"url":"https:\/\/ballipinartarim.com\/en\/wp-content\/uploads\/2025\/08\/ballipinar-logo-splash.webp","type":"image\/webp"}],"twitter_card":"summary_large_image","twitter_site":"@ballipinargrup","twitter_misc":{"Tahmini okuma s\u00fcresi":"3 dakika"},"schema":{"@context":"https:\/\/schema.org","@graph":[{"@type":"WebPage","@id":"https:\/\/ballipinartarim.com\/en\/logistics\/","url":"https:\/\/ballipinartarim.com\/en\/logistics\/","name":"Logistics - Ball\u0131p\u0131nar Agriculture","isPartOf":{"@id":"https:\/\/ballipinartarim.com\/en\/#website"},"datePublished":"2025-08-26T11:20:55+00:00","dateModified":"2025-09-01T12:01:14+00:00","breadcrumb":{"@id":"https:\/\/ballipinartarim.com\/en\/logistics\/#breadcrumb"},"inLanguage":"tr","potentialAction":[{"@type":"ReadAction","target":["https:\/\/ballipinartarim.com\/en\/logistics\/"]}]},{"@type":"BreadcrumbList","@id":"https:\/\/ballipinartarim.com\/en\/logistics\/#breadcrumb","itemListElement":[{"@type":"ListItem","position":1,"name":"Anasayfa","item":"https:\/\/ballipinartarim.com\/en\/"},{"@type":"ListItem","position":2,"name":"Logistics"}]},{"@type":"WebSite","@id":"https:\/\/ballipinartarim.com\/en\/#website","url":"https:\/\/ballipinartarim.com\/en\/","name":"Ball\u0131p\u0131nar Tar\u0131m","description":"","publisher":{"@id":"https:\/\/ballipinartarim.com\/en\/#organization"},"potentialAction":[{"@type":"SearchAction","target":{"@type":"EntryPoint","urlTemplate":"https:\/\/ballipinartarim.com\/en\/?s={search_term_string}"},"query-input":{"@type":"PropertyValueSpecification","valueRequired":true,"valueName":"search_term_string"}}],"inLanguage":"tr"},{"@type":"Organization","@id":"https:\/\/ballipinartarim.com\/en\/#organization","name":"Ball\u0131p\u0131nar Tar\u0131m","alternateName":"Ball\u0131p\u0131nar Grup","url":"https:\/\/ballipinartarim.com\/en\/","logo":{"@type":"ImageObject","inLanguage":"tr","@id":"https:\/\/ballipinartarim.com\/en\/#\/schema\/logo\/image\/","url":"https:\/\/ballipinartarim.com\/en\/wp-content\/uploads\/2025\/08\/ballipinar-logo-splash.webp","contentUrl":"https:\/\/ballipinartarim.com\/en\/wp-content\/uploads\/2025\/08\/ballipinar-logo-splash.webp","width":512,"height":512,"caption":"Ball\u0131p\u0131nar Tar\u0131m"},"image":{"@id":"https:\/\/ballipinartarim.com\/en\/#\/schema\/logo\/image\/"},"sameAs":["http:\/\/www.facebook.com\/ballipinargrup","https:\/\/x.com\/ballipinargrup","http:\/\/www.instagram.com\/ballipinargrup","https:\/\/www.linkedin.com\/company\/ballipinar\/"]}]}},"_links":{"self":[{"href":"https:\/\/ballipinartarim.com\/en\/wp-json\/wp\/v2\/pages\/288","targetHints":{"allow":["GET"]}}],"collection":[{"href":"https:\/\/ballipinartarim.com\/en\/wp-json\/wp\/v2\/pages"}],"about":[{"href":"https:\/\/ballipinartarim.com\/en\/wp-json\/wp\/v2\/types\/page"}],"author":[{"embeddable":true,"href":"https:\/\/ballipinartarim.com\/en\/wp-json\/wp\/v2\/users\/1"}],"replies":[{"embeddable":true,"href":"https:\/\/ballipinartarim.com\/en\/wp-json\/wp\/v2\/comments?post=288"}],"version-history":[{"count":8,"href":"https:\/\/ballipinartarim.com\/en\/wp-json\/wp\/v2\/pages\/288\/revisions"}],"predecessor-version":[{"id":383,"href":"https:\/\/ballipinartarim.com\/en\/wp-json\/wp\/v2\/pages\/288\/revisions\/383"}],"wp:attachment":[{"href":"https:\/\/ballipinartarim.com\/en\/wp-json\/wp\/v2\/media?parent=288"}],"curies":[{"name":"wp","href":"https:\/\/api.w.org\/{rel}","templated":true}]}}